{"id":22,"date":"2024-04-19T08:15:30","date_gmt":"2024-04-19T06:15:30","guid":{"rendered":"https:\/\/jfgomez.biz\/?page_id=22"},"modified":"2024-06-07T21:38:00","modified_gmt":"2024-06-07T19:38:00","slug":"bienvenue","status":"publish","type":"page","link":"https:\/\/jfgomez.biz\/","title":{"rendered":"Merci Pour Votre Int\u00e9r\u00eat"},"content":{"rendered":"\n<div class=\"wp-block-group alignfull\" style=\"margin-top:0;margin-bottom:0;padding-top:var(--wp--preset--spacing--50);padding-right:var(--wp--preset--spacing--50);padding-bottom:var(--wp--preset--spacing--50);padding-left:var(--wp--preset--spacing--50)\"><div class=\"wp-block-group__inner-container is-layout-constrained wp-container-core-group-is-layout-9cf8f26d wp-block-group-is-layout-constrained\">\n<div class=\"wp-block-group alignwide\"><div class=\"wp-block-group__inner-container is-layout-constrained wp-block-group-is-layout-constrained\">\n<div class=\"wp-block-group is-vertical is-content-justification-center is-layout-flex wp-container-core-group-is-layout-a170cc76 wp-block-group-is-layout-flex\">\n<h2 class=\"wp-block-heading has-text-align-center is-style-asterisk\">Je suis Actif sur deux Sites<\/h2>\n\n\n\n<p class=\"has-text-align-center\">Un site concerne directement mon activit\u00e9 professionnelle r\u00e9cente, l&#8217;autre  mon blog historique.<\/p>\n<\/div>\n\n\n\n<div style=\"height:var(--wp--preset--spacing--40)\" aria-hidden=\"true\" class=\"wp-block-spacer\"><\/div>\n\n\n\n<div class=\"wp-block-columns alignwide is-layout-flex wp-container-core-columns-is-layout-b1b80ead wp-block-columns-is-layout-flex\">\n<div class=\"wp-block-column is-layout-flow wp-block-column-is-layout-flow\" style=\"flex-basis:50%\">\n<figure class=\"wp-block-image size-large is-resized is-style-default\"><a href=\"https:\/\/techandretail.com\"><img loading=\"lazy\" decoding=\"async\" width=\"1024\" height=\"683\" src=\"https:\/\/jfgomez.biz\/wp-content\/uploads\/2024\/04\/techandretail_front-1024x683.png\" alt=\"techandretail.com\" class=\"wp-image-55\" style=\"width:626px;height:auto\" srcset=\"https:\/\/jfgomez.biz\/wp-content\/uploads\/2024\/04\/techandretail_front-1024x683.png 1024w, https:\/\/jfgomez.biz\/wp-content\/uploads\/2024\/04\/techandretail_front-300x200.png 300w, https:\/\/jfgomez.biz\/wp-content\/uploads\/2024\/04\/techandretail_front-768x512.png 768w, https:\/\/jfgomez.biz\/wp-content\/uploads\/2024\/04\/techandretail_front.png 1137w\" sizes=\"auto, (max-width: 1024px) 100vw, 1024px\" \/><\/a><\/figure>\n<\/div>\n\n\n\n<div class=\"wp-block-column is-vertically-aligned-center is-layout-flow wp-block-column-is-layout-flow\" style=\"flex-basis:40%\">\n<h3 class=\"wp-block-heading is-style-asterisk\">Tech and Retail<\/h3>\n\n\n\n<p><a href=\"https:\/\/techandretail.com\">https:\/\/techandretail.com<\/a><\/p>\n\n\n\n<ul style=\"line-height:1.75\" class=\"is-style-checkmark-list wp-block-list\">\n<li>Retail et Technologie sur le m\u00eame plan<\/li>\n\n\n\n<li>Vision<\/li>\n\n\n\n<li>Approche<\/li>\n\n\n\n<li>Positionnement<\/li>\n<\/ul>\n<\/div>\n<\/div>\n\n\n\n<div style=\"height:var(--wp--preset--spacing--40)\" aria-hidden=\"true\" class=\"wp-block-spacer\"><\/div>\n\n\n\n<div class=\"wp-block-columns alignwide is-layout-flex wp-container-core-columns-is-layout-b1b80ead wp-block-columns-is-layout-flex\">\n<div class=\"wp-block-column is-layout-flow wp-block-column-is-layout-flow\" style=\"flex-basis:50%\">\n<figure class=\"wp-block-image size-large is-resized is-style-default\"><a href=\"https:\/\/technoetconso.fr\"><img loading=\"lazy\" decoding=\"async\" width=\"1024\" height=\"682\" src=\"https:\/\/jfgomez.biz\/wp-content\/uploads\/2024\/04\/technoetconso_front-1024x682.png\" alt=\"\" class=\"wp-image-56\" style=\"width:628px;height:auto\" srcset=\"https:\/\/jfgomez.biz\/wp-content\/uploads\/2024\/04\/technoetconso_front-1024x682.png 1024w, https:\/\/jfgomez.biz\/wp-content\/uploads\/2024\/04\/technoetconso_front-300x200.png 300w, https:\/\/jfgomez.biz\/wp-content\/uploads\/2024\/04\/technoetconso_front-768x512.png 768w, https:\/\/jfgomez.biz\/wp-content\/uploads\/2024\/04\/technoetconso_front.png 1184w\" sizes=\"auto, (max-width: 1024px) 100vw, 1024px\" \/><\/a><\/figure>\n<\/div>\n\n\n\n<div class=\"wp-block-column is-vertically-aligned-center is-layout-flow wp-block-column-is-layout-flow\" style=\"flex-basis:40%\">\n<h3 class=\"wp-block-heading is-style-asterisk\">Techno et Conso<\/h3>\n\n\n\n<p><a href=\"https:\/\/technoetconso.fr\">https:\/\/technoetconso.fr<\/a><\/p>\n\n\n\n<ul style=\"line-height:1.75\" class=\"is-style-checkmark-list wp-block-list\">\n<li>+10 ans d&#8217;articles<\/li>\n\n\n\n<li>Analyses, R\u00e9flexions, et parfois Provocations<\/li>\n\n\n\n<li>Un support \u00e0 l&#8217;ensemble de mon activit\u00e9<\/li>\n<\/ul>\n<\/div>\n<\/div>\n<\/div><\/div>\n<\/div><\/div>\n\n\n\n<div class=\"wp-block-group alignfull has-base-color has-contrast-background-color has-text-color has-background\" style=\"margin-top:0;margin-bottom:0;padding-top:var(--wp--preset--spacing--60);padding-right:var(--wp--preset--spacing--60);padding-bottom:var(--wp--preset--spacing--60);padding-left:var(--wp--preset--spacing--60)\"><div class=\"wp-block-group__inner-container is-layout-constrained wp-container-core-group-is-layout-6b0914bc wp-block-group-is-layout-constrained\">\n<div class=\"wp-block-group\"><div class=\"wp-block-group__inner-container is-layout-constrained wp-block-group-is-layout-constrained\">\n<p class=\"has-text-align-center has-base-color has-text-color has-heading-font-family has-x-large-font-size\" style=\"line-height:1.2\"><em>\u00ab&nbsp;Toute Minute pass\u00e9e \u00e0 R\u00e9soudre des probl\u00e8mes ne l&#8217;est pas \u00e0 cr\u00e9er le futur, et nous sommes \u00e0 la veille d&#8217;une furieuse acc\u00e9l\u00e9ration!&nbsp;\u00bb<\/em><\/p>\n\n\n\n<div style=\"height:var(--wp--preset--spacing--10)\" aria-hidden=\"true\" class=\"wp-block-spacer\"><\/div>\n\n\n\n<div class=\"wp-block-group is-vertical is-content-justification-center is-nowrap is-layout-flex wp-container-core-group-is-layout-a9ff9874 wp-block-group-is-layout-flex\">\n<p class=\"has-text-align-center\" style=\"margin-top:var(--wp--preset--spacing--10);margin-bottom:0\">Ma Pomme \ud83d\ude42<\/p>\n<\/div>\n<\/div><\/div>\n<\/div><\/div>\n\n\n\n<div class=\"wp-block-group alignfull\" style=\"margin-top:0;margin-bottom:0;padding-top:var(--wp--preset--spacing--50);padding-right:var(--wp--preset--spacing--50);padding-bottom:var(--wp--preset--spacing--50);padding-left:var(--wp--preset--spacing--50)\"><div class=\"wp-block-group__inner-container is-layout-constrained wp-container-core-group-is-layout-9cf8f26d wp-block-group-is-layout-constrained\">\n<div class=\"wp-block-group alignwide has-base-2-background-color has-background\" style=\"border-radius:16px;padding-top:var(--wp--preset--spacing--40);padding-right:var(--wp--preset--spacing--50);padding-bottom:var(--wp--preset--spacing--40);padding-left:var(--wp--preset--spacing--50)\"><div class=\"wp-block-group__inner-container is-layout-constrained wp-container-core-group-is-layout-282d97d7 wp-block-group-is-layout-constrained\">\n<div style=\"height:var(--wp--preset--spacing--10)\" aria-hidden=\"true\" class=\"wp-block-spacer\"><\/div>\n\n\n\n<h2 class=\"wp-block-heading has-text-align-center has-x-large-font-size\">Des Questions, Id\u00e9es, Remarques ?<\/h2>\n\n\n\n<p><\/p>\n\n\n\n<div class=\"wp-block-buttons is-content-justification-center is-layout-flex wp-container-core-buttons-is-layout-16018d1d wp-block-buttons-is-layout-flex\">\n<div class=\"wp-block-button\"><a class=\"wp-block-button__link wp-element-button\" href=\"https:\/\/outlook.office.com\/bookwithme\/user\/d921848160e54175bf4b0070899992d1@techandretail.com?anonymous&amp;ep=plink\">PRenons rendez-vous<\/a><\/div>\n<\/div>\n\n\n\n<div style=\"height:var(--wp--preset--spacing--10)\" aria-hidden=\"true\" class=\"wp-block-spacer\"><\/div>\n<\/div><\/div>\n<\/div><\/div>\n\n\n\n<ul class=\"wp-block-social-links aligncenter is-layout-flex wp-block-social-links-is-layout-flex\"><li class=\"wp-social-link wp-social-link-linkedin  wp-block-social-link\"><a href=\"https:\/\/www.linkedin.com\/in\/jfgomez\/\" class=\"wp-block-social-link-anchor\"><svg width=\"24\" height=\"24\" viewBox=\"0 0 24 24\" version=\"1.1\" xmlns=\"http:\/\/www.w3.org\/2000\/svg\" aria-hidden=\"true\" focusable=\"false\"><path d=\"M19.7,3H4.3C3.582,3,3,3.582,3,4.3v15.4C3,20.418,3.582,21,4.3,21h15.4c0.718,0,1.3-0.582,1.3-1.3V4.3 C21,3.582,20.418,3,19.7,3z M8.339,18.338H5.667v-8.59h2.672V18.338z M7.004,8.574c-0.857,0-1.549-0.694-1.549-1.548 c0-0.855,0.691-1.548,1.549-1.548c0.854,0,1.547,0.694,1.547,1.548C8.551,7.881,7.858,8.574,7.004,8.574z M18.339,18.338h-2.669 v-4.177c0-0.996-0.017-2.278-1.387-2.278c-1.389,0-1.601,1.086-1.601,2.206v4.249h-2.667v-8.59h2.559v1.174h0.037 c0.356-0.675,1.227-1.387,2.526-1.387c2.703,0,3.203,1.779,3.203,4.092V18.338z\"><\/path><\/svg><span class=\"wp-block-social-link-label screen-reader-text\">LinkedIn<\/span><\/a><\/li>\n\n<li class=\"wp-social-link wp-social-link-mail  wp-block-social-link\"><a href=\"mailto:\/\/jfgomez@techandretail.com\" class=\"wp-block-social-link-anchor\"><svg width=\"24\" height=\"24\" viewBox=\"0 0 24 24\" version=\"1.1\" xmlns=\"http:\/\/www.w3.org\/2000\/svg\" aria-hidden=\"true\" focusable=\"false\"><path d=\"M19,5H5c-1.1,0-2,.9-2,2v10c0,1.1.9,2,2,2h14c1.1,0,2-.9,2-2V7c0-1.1-.9-2-2-2zm.5,12c0,.3-.2.5-.5.5H5c-.3,0-.5-.2-.5-.5V9.8l7.5,5.6,7.5-5.6V17zm0-9.1L12,13.6,4.5,7.9V7c0-.3.2-.5.5-.5h14c.3,0,.5.2.5.5v.9z\"><\/path><\/svg><span class=\"wp-block-social-link-label screen-reader-text\">Mail<\/span><\/a><\/li>\n\n<li class=\"wp-social-link wp-social-link-x  wp-block-social-link\"><a href=\"https:\/\/twitter.com\/jfgomez\" class=\"wp-block-social-link-anchor\"><svg width=\"24\" height=\"24\" viewBox=\"0 0 24 24\" version=\"1.1\" xmlns=\"http:\/\/www.w3.org\/2000\/svg\" aria-hidden=\"true\" focusable=\"false\"><path d=\"M13.982 10.622 20.54 3h-1.554l-5.693 6.618L8.745 3H3.5l6.876 10.007L3.5 21h1.554l6.012-6.989L15.868 21h5.245l-7.131-10.378Zm-2.128 2.474-.697-.997-5.543-7.93H8l4.474 6.4.697.996 5.815 8.318h-2.387l-4.745-6.787Z\" \/><\/svg><span class=\"wp-block-social-link-label screen-reader-text\">X<\/span><\/a><\/li><\/ul>\n","protected":false},"excerpt":{"rendered":"<p>Je suis Actif sur deux Sites Un site concerne directement mon activit\u00e9 professionnelle r\u00e9cente, l&#8217;autre mon blog historique. Tech and Retail https:\/\/techandretail.com Techno et Conso https:\/\/technoetconso.fr \u00ab&nbsp;Toute Minute pass\u00e9e \u00e0 R\u00e9soudre des probl\u00e8mes ne l&#8217;est pas \u00e0 cr\u00e9er le futur, et nous sommes \u00e0 la veille d&#8217;une furieuse acc\u00e9l\u00e9ration!&nbsp;\u00bb Ma Pomme \ud83d\ude42 Des Questions, Id\u00e9es, [&hellip;]<\/p>\n","protected":false},"author":1,"featured_media":0,"parent":0,"menu_order":0,"comment_status":"closed","ping_status":"closed","template":"","meta":{"footnotes":""},"class_list":["post-22","page","type-page","status-publish","hentry"],"_links":{"self":[{"href":"https:\/\/jfgomez.biz\/index.php\/wp-json\/wp\/v2\/pages\/22","targetHints":{"allow":["GET"]}}],"collection":[{"href":"https:\/\/jfgomez.biz\/index.php\/wp-json\/wp\/v2\/pages"}],"about":[{"href":"https:\/\/jfgomez.biz\/index.php\/wp-json\/wp\/v2\/types\/page"}],"author":[{"embeddable":true,"href":"https:\/\/jfgomez.biz\/index.php\/wp-json\/wp\/v2\/users\/1"}],"replies":[{"embeddable":true,"href":"https:\/\/jfgomez.biz\/index.php\/wp-json\/wp\/v2\/comments?post=22"}],"version-history":[{"count":12,"href":"https:\/\/jfgomez.biz\/index.php\/wp-json\/wp\/v2\/pages\/22\/revisions"}],"predecessor-version":[{"id":66,"href":"https:\/\/jfgomez.biz\/index.php\/wp-json\/wp\/v2\/pages\/22\/revisions\/66"}],"wp:attachment":[{"href":"https:\/\/jfgomez.biz\/index.php\/wp-json\/wp\/v2\/media?parent=22"}],"curies":[{"name":"wp","href":"https:\/\/api.w.org\/{rel}","templated":true}]}}